{"id":21678,"date":"2024-02-28T08:18:32","date_gmt":"2024-02-28T08:18:32","guid":{"rendered":"https:\/\/linkashops.com\/ng\/?post_type=product&#038;p=21678"},"modified":"2024-02-28T08:18:44","modified_gmt":"2024-02-28T08:18:44","slug":"jik-regular-bleach-2-25l","status":"publish","type":"product","link":"https:\/\/linkashops.com\/ng\/product\/jik-regular-bleach-2-25l\/","title":{"rendered":"Jik-regular-bleach-2.25L"},"content":{"rendered":"<div class=\"main-product-bottom md-bottom\">\n<div class=\"product-tabs\">\n<div class=\"tab-content light-box-bg\">\n<div id=\"collapseDescription\" class=\"product-description-block tab-pane fade show active\">\n<div class=\"panel-content\">\n<div class=\"product-description typo\">Jik regular bleach bleaches and disinfects tough stains and surfaces. Improved stain removal Gets rid of bleach stains Good on cloths . jik bleach regular is a Quality and original products, carefully curated by our team. JIK\u00ffhas been known for over the years as the best stain removal anywhere in the world.\u00ffJIK\u00ffits known for its high quality and best performance. Good on cloths and always produces excellent results.\u00ffGet your whites whiter and your coloured ones as well with Jik regular bleach .\u00ff It does not contain chlorine and wil not fade your colours or yellow your whites. Note that Jik Bleach regular cannot be used on its own as a pre-wash or as washing detergent. It can safely be used on all colorfast fabrics, both synthetic and natural.\u00ff<\/div>\n<\/div>\n<\/div>\n<\/div>\n<\/div>\n<\/div>\n","protected":false},"excerpt":{"rendered":"<div id=\"product-description-short-14318\" class=\"product-description-short typo sm-bottom\">Jik regular bleach 2.25L bleaches and disinfects tough stains and surfaces Improved stain removal Gets rid of bleach stains Good on cloths<\/div>\n<div class=\"product-information light-box-bg sm-bottom\">\n<div class=\"product-actions\">\n<div class=\"product-variants\"><\/div>\n<section class=\"product-discounts\"><\/section>\n<div class=\"product-prices sm-bottom\">\n<div class=\"product-prices-wrapper d-flex flex-wrap align-items-center\"><\/div>\n<\/div>\n<\/div>\n<\/div>\n","protected":false},"featured_media":21704,"template":"","meta":{"om_disable_all_campaigns":false},"product_cat":[376],"product_tag":[],"class_list":{"0":"post-21678","1":"product","2":"type-product","3":"status-publish","4":"has-post-thumbnail","6":"product_cat-other-categories","8":"first","9":"instock","10":"shipping-taxable","11":"purchasable","12":"product-type-simple"},"aioseo_notices":[],"_links":{"self":[{"href":"https:\/\/linkashops.com\/ng\/wp-json\/wp\/v2\/product\/21678","targetHints":{"allow":["GET"]}}],"collection":[{"href":"https:\/\/linkashops.com\/ng\/wp-json\/wp\/v2\/product"}],"about":[{"href":"https:\/\/linkashops.com\/ng\/wp-json\/wp\/v2\/types\/product"}],"version-history":[{"count":0,"href":"https:\/\/linkashops.com\/ng\/wp-json\/wp\/v2\/product\/21678\/revisions"}],"wp:featuredmedia":[{"embeddable":true,"href":"https:\/\/linkashops.com\/ng\/wp-json\/wp\/v2\/media\/21704"}],"wp:attachment":[{"href":"https:\/\/linkashops.com\/ng\/wp-json\/wp\/v2\/media?parent=21678"}],"wp:term":[{"taxonomy":"product_cat","embeddable":true,"href":"https:\/\/linkashops.com\/ng\/wp-json\/wp\/v2\/product_cat?post=21678"},{"taxonomy":"product_tag","embeddable":true,"href":"https:\/\/linkashops.com\/ng\/wp-json\/wp\/v2\/product_tag?post=21678"}],"curies":[{"name":"wp","href":"https:\/\/api.w.org\/{rel}","templated":true}]}}